{"id":123,"date":"2012-09-05T17:40:20","date_gmt":"2012-09-05T15:40:20","guid":{"rendered":"http:\/\/mokolodi.luetkens.com\/?page_id=123"},"modified":"2018-02-09T11:51:03","modified_gmt":"2018-02-09T09:51:03","slug":"von-mokolodi-zu-den-ruinen-von-zimbabwe-2","status":"publish","type":"page","link":"https:\/\/mokolodi.luetkens.com\/?page_id=123","title":{"rendered":"Die 1.Etappe   Zu den Ruinen von Great Zimbabwe"},"content":{"rendered":"<p style=\"text-align: center;\"><a href=\"http:\/\/mokolodi.luetkens.com\/wp-content\/uploads\/2012\/09\/abfahrt1.jpg\"><img loading=\"lazy\" decoding=\"async\" class=\"wp-image-263 aligncenter\" title=\"abfahrt\" src=\"http:\/\/mokolodi.luetkens.com\/wp-content\/uploads\/2012\/09\/abfahrt1.jpg\" alt=\"\" width=\"473\" height=\"358\" \/><\/a><\/p>\n<div class=\"Section1\">\n<p style=\"margin: 0cm 0cm 0.0001pt;\"><em><span lang=\"DE\">Endlich ist es nun so weit ! Wir schreiben Samstag den\u00a0 <strong>20.August 2011<\/strong>. Es war heute Nacht bitterkalt und wir ziehen uns zun\u00e4chst einmal richtig warm an. Unseren <span class=\"SpellE\">Landy<\/span> haben wir ja bereits gestern reisefertig gemacht \u2013 wir m\u00fcssen ihm nur noch 150l Diesel <span class=\"SpellE\">goennen<\/span> \u2013 und dann geht es <span class=\"SpellE\">endgueltig<\/span> los.. Vor uns liegt eine 500 km Tour bis Francistown. Wir wollen deshalb richtig <span class=\"SpellE\">frueh<\/span> aufbrechen. Schnell noch ein kleines <span class=\"SpellE\">Stehfruestueck<\/span> und \u00a0Eva macht noch ein Bild von uns \u2013 wer <span class=\"SpellE\">weiss,<\/span> wie wir aussehen, wenn wir zur\u00fcck kommen.<\/span><\/em><\/p>\n<p style=\"margin: 0cm 0cm 0.0001pt;\"><em><span lang=\"DE\">Schon bald hinter <span class=\"SpellE\">Gaborone<\/span> wird uns <span class=\"SpellE\">bewusst<\/span>: Gesas Augentropfen liegen wohlbehalten im <span class=\"SpellE\">Kuehlschrank<\/span> und wir haben keine Chance, vor Francistown auch nur irgendwo eine Apotheke zu finden.<img loading=\"lazy\" decoding=\"async\" class=\" wp-image-1668 alignleft\" src=\"http:\/\/mokolodi.luetkens.com\/wp-content\/uploads\/2018\/02\/Woodland-Stopover.jpg\" alt=\"\" width=\"254\" height=\"190\" srcset=\"https:\/\/mokolodi.luetkens.com\/wp-content\/uploads\/2018\/02\/Woodland-Stopover.jpg 166w, https:\/\/mokolodi.luetkens.com\/wp-content\/uploads\/2018\/02\/Woodland-Stopover-150x112.jpg 150w\" sizes=\"auto, (max-width: 254px) 100vw, 254px\" \/><\/span><\/em><\/p>\n<p style=\"margin: 0cm 0cm 0.0001pt;\"><em><span lang=\"DE\">Unser Tagesziel <span class=\"SpellE\">heisst<\/span> \u201e<span class=\"SpellE\">Woodland-<\/span>Stopover&#8220; Camp und liegt etwa 19 km <span class=\"SpellE\">noerdlich von Francistown<\/span>. Es ist relativ <span class=\"SpellE\">frueh<\/span> am Nachmittag, <span class=\"SpellE\">sodass<\/span> wir noch bei sommerlicher <span class=\"SpellE\">Waerme<\/span> einchecken <\/span><\/em><em><span lang=\"DE\">k\u00f6nnen. Auf dieser <span class=\"SpellE\">grosszuegigen<\/span> Anlage mit Schatten spendendem \u00a0alten Baumbestand und <em>einem gro\u00dfen Swimmingpool <\/em><em>finden wir einen sehr schoen gelegenen<img loading=\"lazy\" decoding=\"async\" class=\"alignright wp-image-407\" style=\"margin: 5px;\" src=\"http:\/\/mokolodi.luetkens.com\/wp-content\/uploads\/2012\/09\/woodlands-rest.jpg\" alt=\"woodlands-rest\" width=\"309\" height=\"232\" srcset=\"https:\/\/mokolodi.luetkens.com\/wp-content\/uploads\/2012\/09\/woodlands-rest.jpg 455w, https:\/\/mokolodi.luetkens.com\/wp-content\/uploads\/2012\/09\/woodlands-rest-300x224.jpg 300w\" sizes=\"auto, (max-width: 309px) 100vw, 309px\" \/> Campingplatz.\u00a0<\/em> Im Office gibt es sogar die <span class=\"SpellE\">Moeglichkeit,<\/span> ein warmes Essen zu bestellen, <span class=\"SpellE\">dass<\/span> uns sp\u00e4ter an unseren Zeltplatz gebracht wird. Doch zun\u00e4chst einmal hei\u00dft es f\u00fcr uns, das Camp einzurichten.\u00a0<\/span><\/em><\/p>\n<p style=\"margin: 0cm 0cm 0.0001pt;\"><em><span lang=\"DE\">Und da es in der abendlichen <span class=\"SpellE\">Daemmerung<\/span> \u00a0noch angenehm warm ist, nutzt Karsten die Gelegenheit, sich auf der Landkarte auf die n\u00e4chste Strecke <img loading=\"lazy\" decoding=\"async\" class=\"wp-image-409 alignleft\" style=\"margin: 5px;\" src=\"http:\/\/mokolodi.luetkens.com\/wp-content\/uploads\/2012\/09\/a3-karsten-studiert-die-strecke.jpg\" alt=\"a3-karsten-studiert-die-strecke\" width=\"303\" height=\"227\" srcset=\"https:\/\/mokolodi.luetkens.com\/wp-content\/uploads\/2012\/09\/a3-karsten-studiert-die-strecke.jpg 455w, https:\/\/mokolodi.luetkens.com\/wp-content\/uploads\/2012\/09\/a3-karsten-studiert-die-strecke-300x224.jpg 300w\" sizes=\"auto, (max-width: 303px) 100vw, 303px\" \/>vorzubereiten. Doch &#8211; wie so \u00fcblich in unseren Breiten &#8211;\u00a0 wird es schon bald dunkel und damit empfindlich kalt. Als unsere Pizza kommt, m\u00fcssen wir uns schon wieder <span class=\"SpellE\">waermer<\/span> anziehen. Dennoch ist es <span class=\"SpellE\">wunderschoen<\/span> drau\u00dfen, und wir <span class=\"SpellE\">geniessen<\/span> noch lange den klaren Sternenhimmel.<\/span><\/em><\/p>\n<p style=\"margin: 0cm 0cm 0.0001pt;\"><em><span lang=\"DE\">In der\u00a0 kommenden\u00a0 Nacht allerdings wird es noch einmal derart kalt, \u00a0<span class=\"SpellE\">dass<\/span> wir <span class=\"SpellE\">trozt<\/span> unserer dicken <span class=\"SpellE\">Schlafsaecke<\/span>\u00a0 und Trainingsanzug so richtig frieren.<\/span><\/em><\/p>\n<p>&nbsp;<\/p>\n<p style=\"margin: 0cm 0cm 0.0001pt;\"><strong>21.08 nach Bulawayo<\/strong><\/p>\n<p style=\"margin: 0cm 0cm 0.0001pt;\"><em><span lang=\"DE\">Beim Fr\u00fchst\u00fcck am <img loading=\"lazy\" decoding=\"async\" class=\"wp-image-408 alignright\" style=\"margin: 5px;\" src=\"http:\/\/mokolodi.luetkens.com\/wp-content\/uploads\/2012\/09\/a2-fruehstueck-in-der-kaelte.jpg\" alt=\"a2-fruehstueck-in-der-kaelte\" width=\"339\" height=\"254\" srcset=\"https:\/\/mokolodi.luetkens.com\/wp-content\/uploads\/2012\/09\/a2-fruehstueck-in-der-kaelte.jpg 455w, https:\/\/mokolodi.luetkens.com\/wp-content\/uploads\/2012\/09\/a2-fruehstueck-in-der-kaelte-300x224.jpg 300w\" sizes=\"auto, (max-width: 339px) 100vw, 339px\" \/>n\u00e4chsten Morgen ist es noch sehr <span class=\"SpellE\">ungemeutlich<\/span> und wir <span class=\"SpellE\">beschliessen<\/span>, zun\u00e4chst einmal zur\u00fcck ins Stadtzentrum von <\/span><\/em><em><span lang=\"DE\">Francistown zu fahren, nicht zuletzt, um uns eine warme Wolldecke zu kaufen. Wir haben <span class=\"SpellE\">Glueck<\/span>, <span class=\"SpellE\">dass<\/span> auch hier am Sonntag einige <span class=\"SpellE\">Geschaefte<\/span> <span class=\"SpellE\">geoeffnet<\/span> haben, so k\u00f6nnen wir auch gleich die vergessene <span class=\"SpellE\">Abwasch-Schuessel<\/span> ersetzen. Alle Apotheken sind nat\u00fcrlich geschlossen, <span class=\"SpellE\">doch Francistown<\/span> hat ja das <span class=\"SpellE\">zweitgroesste<\/span> Krankenhaus\u00a0 des Landes! Und wieder einmal erweist es sich als\u00a0<span class=\"SpellE\">nuetzlich<\/span>, <span class=\"SpellE\">dass<\/span> Karsten hier noch als Arzt registriert ist. Gegen ein schnell ausgestelltes Rezept bekommen wir die so dringend be<span class=\"SpellE\">noetigten<\/span> Cortisontropfen <span style=\"text-decoration: underline;\">kostenlos!<\/span> <\/span><\/em><\/p>\n<p style=\"margin: 0cm 0cm 0.0001pt;\"><em><span lang=\"DE\">Danach versuchen\u00a0 wir so schnell wie m\u00f6glich die 95 km lange Strecke na<\/span><\/em><img loading=\"lazy\" decoding=\"async\" class=\" wp-image-461 alignleft\" src=\"http:\/\/mokolodi.luetkens.com\/wp-content\/uploads\/2012\/09\/Zur-Grenze-Zimbabwe.jpg\" alt=\"Zur Grenze Zimbabwe\" width=\"333\" height=\"250\" srcset=\"https:\/\/mokolodi.luetkens.com\/wp-content\/uploads\/2012\/09\/Zur-Grenze-Zimbabwe.jpg 500w, https:\/\/mokolodi.luetkens.com\/wp-content\/uploads\/2012\/09\/Zur-Grenze-Zimbabwe-300x225.jpg 300w\" sizes=\"auto, (max-width: 333px) 100vw, 333px\" \/><em><span lang=\"DE\">ch <span class=\"SpellE\">Plumtree<\/span> \u2013 der Grenze nach Zimbabwe \u2013 <span class=\"SpellE\">zurueckzulegen<\/span>, da uns die <span class=\"SpellE\">Zeitverzoegerungen<\/span> an Zimbabwes Grenzen aus mehrfacher Erfahrung bekannt sind. Die Ausreise aus Botswana klappt problemlos \u2013 ein wenig Papierkram und schon k\u00f6nnen wir weiterfahren. <img loading=\"lazy\" decoding=\"async\" class=\"alignright wp-image-462\" style=\"margin: 5px;\" src=\"http:\/\/mokolodi.luetkens.com\/wp-content\/uploads\/2012\/09\/Grenze-Zimbabwe.jpg\" alt=\"Grenze Zimbabwe\" width=\"282\" height=\"211\" srcset=\"https:\/\/mokolodi.luetkens.com\/wp-content\/uploads\/2012\/09\/Grenze-Zimbabwe.jpg 400w, https:\/\/mokolodi.luetkens.com\/wp-content\/uploads\/2012\/09\/Grenze-Zimbabwe-300x225.jpg 300w\" sizes=\"auto, (max-width: 282px) 100vw, 282px\" \/>Doch dann erwartet uns in <span class=\"SpellE\">Plumtree<\/span> eine lange Schlange Einreisender \u2013 viele Formulare gilt es <span class=\"SpellE\">auszufuellen,<\/span> und viele US Dollar m\u00fcssen \u00fcber den Tresen geschoben werden. Eine sehr nette junge Dame nimmt sich der notwendigen Kopien\u00a0 unserer <span class=\"SpellE\">Paesse<\/span> an und erkundigt sich ausgiebig nach unserem Heimatland. Auch sie wuerde gerne einmal nach Deutschland fliegen. Dann verschwindet sie und ward nicht mehr gesehen. Als wir \u00fcber mehrere andere Beamte <span class=\"SpellE\">schliesslich<\/span> unsere <span class=\"SpellE\">Paesse<\/span> mit den Einreisevisa zur\u00fcckbekommen, da fehlt in Gesas <span class=\"SpellE\">Pass<\/span> die Aufenthaltsgenehmigung f\u00fcr Botswana \u2013 und die junge Dame hatte <span class=\"SpellE\">sich natuerlich<\/span> \u00a0schon zur Mittagspause(!) \u2013 es war 11.00h \u2013 verdrueckt. Um sicher zu gehen, dass das Dokument nicht bei uns verloren gegangen war, durchsuchen wir den Landrover mehrfach ohne Erfolg. Auch Gesas eilige Rueckkehr\u00a0 zum Grenzposten von \u00a0Botswana &#8211; \u00a0durch den <span class=\"SpellE\">heissen<\/span> Sand in der Mittagssonne \u2013 bleibt erfolglos, lediglich <span class=\"SpellE\">troestende<\/span> Worte. Es wird ja immer wieder gesagt, <span class=\"SpellE\">dass<\/span> derartige Dokumente an Grenzposten nach Zimbabwe verschwinden, um dann leicht <span class=\"SpellE\">abgeaendert<\/span> eigenen Landsleuten die ungehinderte Einreise nach Botswana zu <span class=\"SpellE\">ermoeglichen<\/span>.<\/span><\/em><\/p>\n<p style=\"margin: 0cm 0cm 0.0001pt;\"><em><span lang=\"DE\">Zwar hatte Gesa noch eine beglaubigte Kopie des Dokuments, doch die Sorge &#8211;\u00a0 nur schwer und mit erheblicher <span class=\"SpellE\">Verzoegerung<\/span> wieder einreisen zu <span class=\"SpellE\">koennen<\/span> &#8211;\u00a0 blieb f\u00fcr den Rest unserer Reise.<a href=\"http:\/\/mokolodi.luetkens.com\/wp-content\/uploads\/2012\/09\/DSCN0589.jpg\"><img loading=\"lazy\" decoding=\"async\" class=\"wp-image-714 alignleft\" src=\"http:\/\/mokolodi.luetkens.com\/wp-content\/uploads\/2012\/09\/DSCN0589.jpg\" alt=\"DSCN0589\" width=\"347\" height=\"260\" srcset=\"https:\/\/mokolodi.luetkens.com\/wp-content\/uploads\/2012\/09\/DSCN0589.jpg 2272w, https:\/\/mokolodi.luetkens.com\/wp-content\/uploads\/2012\/09\/DSCN0589-300x224.jpg 300w, https:\/\/mokolodi.luetkens.com\/wp-content\/uploads\/2012\/09\/DSCN0589-1024x768.jpg 1024w\" sizes=\"auto, (max-width: 347px) 100vw, 347px\" \/><\/a><\/span><\/em><\/p>\n<p style=\"margin: 0cm 0cm 0.0001pt;\"><em><span lang=\"DE\">\u00a0Relativ <span class=\"SpellE\">spaet<\/span> an diesem Tage erreichen wir dann endlich <span class=\"SpellE\">Bulawayo<\/span>, eine <span class=\"SpellE\">quirrlige<\/span> 1,5 Millionen \u00a0Stadt, der man die wirtschaftlichen Probleme Zimbabwes kaum anmerkt.<\/span><\/em><em><span lang=\"DE\">\u00a020km au\u00dferhalb in Richtung Victoria Falls <em>inmitten von gr\u00fcnen Feldern<\/em> liegt <em>un<\/em><em><a href=\"http:\/\/mokolodi.luetkens.com\/wp-content\/uploads\/2012\/09\/restcamp-bulawayo.jpg\"><img loading=\"lazy\" decoding=\"async\" class=\"alignright\" src=\"http:\/\/mokolodi.luetkens.com\/wp-content\/uploads\/2012\/09\/restcamp-bulawayo.jpg\" alt=\"restcamp-bulawayo\" width=\"323\" height=\"242\" \/><\/a>ter praechtigen alten B\u00e4umen <\/em>das kleine \u201e<span class=\"SpellE\">Country<\/span> Rest Camp\u201c<\/span><\/em><em><span lang=\"DE\">. Es sieht sehr einladend aus, und wir suchen uns auch sofort eine besonders <span class=\"SpellE\">schoene<\/span> Campingbucht. <\/span><\/em><\/p>\n<p style=\"margin: 0cm 0cm 0.0001pt;\"><em><span lang=\"DE\"><em>Da die Sanitaereinrichtugen widerlich schmutzig und in einem unbeschreiblich primitiven Zustand sind,<\/em> haben wir uns noch nicht festgelegt, ob wir eine oder zwei <span class=\"SpellE\">Naechte<\/span> bleiben,<br \/>\n<em>Wir haben aber zumindest einen Platz zum Schlafen \u2013 mit typisch afrikanischem Laerm am Sonntagabend, wo sich alle Bewohner der Umgebung mit ihren Kindern am Swimmingpool und an der Bar das Wochenende verschoenen. <\/em><br \/>\n<em>Wir sitzen noch lange abends draussen und beobachten das riesige Buschfeuer um uns herum. Welch ein \u201eSchauspiel\u201c \u00fcber Bulawayo am dunklen Abendhimmel!<\/em><\/span><\/em><\/p>\n<p><strong>22.08 Bulawayo<\/strong><br \/>\n<em>Montagmorgen: Heute m\u00fcssen wir auf jeden Fall in der Stadt an einem Polizeiposten die Verlustmeldung der Botswana Aufenthaltsgenehmigung machen! <img loading=\"lazy\" decoding=\"async\" class=\"size-full wp-image-700 alignleft\" src=\"http:\/\/mokolodi.luetkens.com\/wp-content\/uploads\/2012\/09\/Ersatzreifen1.jpg\" alt=\"\" width=\"346\" height=\"428\" srcset=\"https:\/\/mokolodi.luetkens.com\/wp-content\/uploads\/2012\/09\/Ersatzreifen1.jpg 346w, https:\/\/mokolodi.luetkens.com\/wp-content\/uploads\/2012\/09\/Ersatzreifen1-242x300.jpg 242w\" sizes=\"auto, (max-width: 346px) 100vw, 346px\" \/>Bei dem ueblichen morgendlichen Autocheck beunruhigt Karsten ein leises Pfeifen am linken Vorderreifen \u2013 ein langer Dorn! Als er ihn herausziehen will, zischt ihm die Luft entgegen, und er haemmert ihn unverzueglich wieder tief in den Reifen. Ein Grund, in Bulawayo nach einer Werkstatt zu suchen! Damit ist die Entscheidung gefallen: wir bleiben noch eine Nacht laenger und gucken uns in Ruhe Bulawayo an. <\/em><em>Schon auf der Hinfahrt kommen wir am <\/em><em>SOS<\/em><em> Kinderdorf vorbei, und Erinnerungen an einen fr\u00fcheren Besuch werden wach. Viele huebsche alte Haeuser liegen an der Hauptstrasse und sind z.T. noch sehr gepflegt. Nachdem wir in der Innenstadt die Polizeistation und eine Autowerkstatt gefunden haben, besorgen wir gleich noch eine <\/em><em>SIM<\/em><em> Karte f\u00fcr Zimbabwe und Augentropfen.\u00a0 Nun ist noch Zeit f\u00fcr <\/em><em>eine Erkundungsfahrt zu den Matopos Bergen \u2013 <img loading=\"lazy\" decoding=\"async\" class=\" wp-image-1188 alignright\" src=\"http:\/\/mokolodi.luetkens.com\/wp-content\/uploads\/2012\/09\/mtopos.jpg\" alt=\"\" width=\"306\" height=\"229\" srcset=\"https:\/\/mokolodi.luetkens.com\/wp-content\/uploads\/2012\/09\/mtopos.jpg 1136w, https:\/\/mokolodi.luetkens.com\/wp-content\/uploads\/2012\/09\/mtopos-300x225.jpg 300w, https:\/\/mokolodi.luetkens.com\/wp-content\/uploads\/2012\/09\/mtopos-768x576.jpg 768w, https:\/\/mokolodi.luetkens.com\/wp-content\/uploads\/2012\/09\/mtopos-1024x768.jpg 1024w\" sizes=\"auto, (max-width: 306px) 100vw, 306px\" \/>einem \u201eWorld Heritage\u201c, wie wir auf dem Weg dorthin erfahren. Die Matopos Felsen sind beruehmt durch ihre einmalige Vielfalt der etwa 700 Staetten mit Felsmalereien, die umfassendsten im suedlichen Afrika. Auch hier sind wir vor vielen Jahren schon einmal gewesen und wuerden gerne eine Nacht dort oben auf <img loading=\"lazy\" decoding=\"async\" class=\" wp-image-1669 alignleft\" src=\"http:\/\/mokolodi.luetkens.com\/wp-content\/uploads\/2018\/02\/Matopos1.jpg\" alt=\"\" width=\"315\" height=\"236\" srcset=\"https:\/\/mokolodi.luetkens.com\/wp-content\/uploads\/2018\/02\/Matopos1.jpg 1136w, https:\/\/mokolodi.luetkens.com\/wp-content\/uploads\/2018\/02\/Matopos1-150x113.jpg 150w, https:\/\/mokolodi.luetkens.com\/wp-content\/uploads\/2018\/02\/Matopos1-300x225.jpg 300w, https:\/\/mokolodi.luetkens.com\/wp-content\/uploads\/2018\/02\/Matopos1-768x576.jpg 768w, https:\/\/mokolodi.luetkens.com\/wp-content\/uploads\/2018\/02\/Matopos1-1024x768.jpg 1024w\" sizes=\"auto, (max-width: 315px) 100vw, 315px\" \/>den Felsen verbringen. Doch leider sind \u00a0der Park und das Camp wegen Renovierung \u00a0geschlossen, dennoch laesst uns der Manager einen Blick auf die h\u00fcbschen kleinen, grasgedeckten Rundhuetten werfen, bevor wir wieder in unser Camp zurueckfahren. Und das ist auch gut so, denn eine weitere \u201ePanne\u201c beunruhigt uns: Der Kuehlschrank gibt keinen Ton von sich, und damit sind nat\u00fcrlich all unsere verderblichen Vorraete gefaehrdet. Es ist doch ein Vorteil, so einen technisch versierten Mann dabei zu haben! Karsten baut den Kuehlschrank kurzerhand aus, prueft die Leitungen und behebt den Schaden in k\u00fcrzester Zeit.\u00a0 Zum Glueck muss nur eine Sicherung ersetzt werden. <img loading=\"lazy\" decoding=\"async\" class=\"wp-image-1200 alignright\" src=\"http:\/\/mokolodi.luetkens.com\/wp-content\/uploads\/2012\/09\/Mbalabala1.jpg\" alt=\"\" width=\"310\" height=\"152\" srcset=\"https:\/\/mokolodi.luetkens.com\/wp-content\/uploads\/2012\/09\/Mbalabala1.jpg 963w, https:\/\/mokolodi.luetkens.com\/wp-content\/uploads\/2012\/09\/Mbalabala1-300x147.jpg 300w, https:\/\/mokolodi.luetkens.com\/wp-content\/uploads\/2012\/09\/Mbalabala1-768x377.jpg 768w\" sizes=\"auto, (max-width: 310px) 100vw, 310px\" \/><\/em><br \/>\n<em>Auf der A9 fahren wir weiter durch eine wunderschone Gebirgslandschaft und saubere kleine\u00a0Staedchen bis zu einer bemerkenswerten Abzweigung hinter Mbalabala, die <img loading=\"lazy\" decoding=\"async\" class=\" wp-image-1670 alignleft\" src=\"http:\/\/mokolodi.luetkens.com\/wp-content\/uploads\/2018\/02\/Mbabalabal1.jpg\" alt=\"\" width=\"291\" height=\"165\" srcset=\"https:\/\/mokolodi.luetkens.com\/wp-content\/uploads\/2018\/02\/Mbabalabal1.jpg 1025w, https:\/\/mokolodi.luetkens.com\/wp-content\/uploads\/2018\/02\/Mbabalabal1-150x85.jpg 150w, https:\/\/mokolodi.luetkens.com\/wp-content\/uploads\/2018\/02\/Mbabalabal1-300x170.jpg 300w, https:\/\/mokolodi.luetkens.com\/wp-content\/uploads\/2018\/02\/Mbabalabal1-768x435.jpg 768w, https:\/\/mokolodi.luetkens.com\/wp-content\/uploads\/2018\/02\/Mbabalabal1-1024x580.jpg 1024w\" sizes=\"auto, (max-width: 291px) 100vw, 291px\" \/>wir beinahe\u00a0 verpasst haetten, so unauffaellig ist diesrer kleine Bahnuebergang.<\/em><br \/>\n<em>Nach etwa insgesamt 280 km vorbei an &#8222;glatzkoepfigen Bergen&#8220; erreichen wir Maswingo,\u00a0die aelteste Kolonialstadt Zimbabwes. <img loading=\"lazy\" decoding=\"async\" class=\" wp-image-1671 alignright\" src=\"http:\/\/mokolodi.luetkens.com\/wp-content\/uploads\/2018\/02\/Glatzkoepfe.jpg\" alt=\"\" width=\"333\" height=\"165\" srcset=\"https:\/\/mokolodi.luetkens.com\/wp-content\/uploads\/2018\/02\/Glatzkoepfe.jpg 379w, https:\/\/mokolodi.luetkens.com\/wp-content\/uploads\/2018\/02\/Glatzkoepfe-150x74.jpg 150w, https:\/\/mokolodi.luetkens.com\/wp-content\/uploads\/2018\/02\/Glatzkoepfe-300x149.jpg 300w\" sizes=\"auto, (max-width: 333px) 100vw, 333px\" \/>von wo aus frueher die Strasse nach Sueden kontrolliert wurde. Das alte &#8222;Fort Victoria&#8220; ist als Denkmal noch erhalten. Maswingo ist das Zentrum der Bergbauindustrie und der Rinderzucht des Distrikts; eine kleine, sympathische, lebendige Stadt.\u00a0 \u00a0 \u00a0 \u00a0 \u00a0 \u00a0 \u00a0 \u00a0 \u00a0 \u00a0 \u00a0 \u00a0 \u00a0 \u00a0 \u00a0 \u00a0\u00a0<\/em><br \/>\n<em>Wir aber fahren 28km weiter suedlich, wo wir uns direkt am Nationalpark der Ruinen einen kleinen Zeltplatz ausgesucht haben, den wir dann auch nach einigen Irrfahrten tatsaechlich am fruehen Nachmittag erreichen. <img loading=\"lazy\" decoding=\"async\" class=\"wp-image-1208 alignleft\" src=\"http:\/\/mokolodi.luetkens.com\/wp-content\/uploads\/2012\/09\/Monkeyapple.jpg\" alt=\"\" width=\"357\" height=\"237\" srcset=\"https:\/\/mokolodi.luetkens.com\/wp-content\/uploads\/2012\/09\/Monkeyapple.jpg 429w, https:\/\/mokolodi.luetkens.com\/wp-content\/uploads\/2012\/09\/Monkeyapple-300x199.jpg 300w\" sizes=\"auto, (max-width: 357px) 100vw, 357px\" \/>Unter grossen, schattenspendenden Baeumen, den &#8222;Monkey Apple Trees&#8220;,\u00a0\u00a0erstreckt sich am Hang mit Blick auf die Ruinenstat eine riesig grosse Grasflaeche als Zeltplatz, und kein Camper ist in der Naehe! Huebsche kleine Rondavels verfuehren uns allerdings, dort Unterkunft zu beziehen. Um diese Zeit ist es allerdings noch richtig schoen warm, sodass wir unsere Liegen vom Roverdach holen, um noch in der\u00a0Nachmittagssonne so richtig wohglig\u00a0\u00a0den Blick auf die Ruinenstadt zu geniessen.<\/em><br \/>\n<em>Dann allerdings zwingt uns ein alter Bekannter, rechtzeitig ins Bett zu gehen: Stromausfall! Unterstuetzt von Gas- und Taschenlampen bereiten wir uns noch schnell ein warmes Essen und fall dann muede und erschoepft in unsere &#8222;feudalen&#8220; Betten.<\/em><\/p>\n<\/div>\n<p>&nbsp;<\/p>\n<div class=\"Section1\">\n<h2><\/h2>\n<h2><em>\u00a0<\/em><\/h2>\n<p style=\"margin: 0cm 0cm 0.0001pt;\"><em><span lang=\"DE\">\u00a0<\/span><\/em><\/p>\n<\/div>\n","protected":false},"excerpt":{"rendered":"<p>Endlich ist es nun so weit ! Wir schreiben Samstag den\u00a0 20.August 2011. Es war heute Nacht bitterkalt und wir ziehen uns zun\u00e4chst einmal richtig warm an. Unseren Landy haben wir ja bereits gestern reisefertig gemacht \u2013 wir m\u00fcssen ihm &hellip; <a href=\"https:\/\/mokolodi.luetkens.com\/?page_id=123\">Weiterlesen <span class=\"meta-nav\">&rarr;<\/span><\/a><\/p>\n","protected":false},"author":1,"featured_media":0,"parent":109,"menu_order":2,"comment_status":"closed","ping_status":"closed","template":"","meta":{"footnotes":""},"class_list":["post-123","page","type-page","status-publish","hentry"],"_links":{"self":[{"href":"https:\/\/mokolodi.luetkens.com\/index.php?rest_route=\/wp\/v2\/pages\/123","targetHints":{"allow":["GET"]}}],"collection":[{"href":"https:\/\/mokolodi.luetkens.com\/index.php?rest_route=\/wp\/v2\/pages"}],"about":[{"href":"https:\/\/mokolodi.luetkens.com\/index.php?rest_route=\/wp\/v2\/types\/page"}],"author":[{"embeddable":true,"href":"https:\/\/mokolodi.luetkens.com\/index.php?rest_route=\/wp\/v2\/users\/1"}],"replies":[{"embeddable":true,"href":"https:\/\/mokolodi.luetkens.com\/index.php?rest_route=%2Fwp%2Fv2%2Fcomments&post=123"}],"version-history":[{"count":55,"href":"https:\/\/mokolodi.luetkens.com\/index.php?rest_route=\/wp\/v2\/pages\/123\/revisions"}],"predecessor-version":[{"id":1672,"href":"https:\/\/mokolodi.luetkens.com\/index.php?rest_route=\/wp\/v2\/pages\/123\/revisions\/1672"}],"up":[{"embeddable":true,"href":"https:\/\/mokolodi.luetkens.com\/index.php?rest_route=\/wp\/v2\/pages\/109"}],"wp:attachment":[{"href":"https:\/\/mokolodi.luetkens.com\/index.php?rest_route=%2Fwp%2Fv2%2Fmedia&parent=123"}],"curies":[{"name":"wp","href":"https:\/\/api.w.org\/{rel}","templated":true}]}}